{"id":4822,"date":"2019-05-27T17:58:24","date_gmt":"2019-05-27T15:58:24","guid":{"rendered":"http:\/\/twixtop.info\/www\/Avitem\/?page_id=4822"},"modified":"2019-08-28T15:37:15","modified_gmt":"2019-08-28T13:37:15","slug":"mentions-legales","status":"publish","type":"page","link":"https:\/\/amenageurs-med.org\/en\/mentions-legales\/","title":{"rendered":"Mentions l\u00e9gales"},"content":{"rendered":"<h2>Editeur<\/h2>\n<p>Ce site est \u00e9dit\u00e9 par l\u2019Agence des Villes et Territoires M\u00e9diterran\u00e9ens Durables (AVITEM)<br \/>\nGroupement d\u2019Int\u00e9r\u00eat Public<br \/>\n19 rue Vacon\u00a013001 Marseille &#8211; France<br \/>\nT\u00e9l\u00a0: +33 (0)4 95 09 44 00<br \/>\nLe suivi \u00e9ditorial et les mises \u00e0 jour du site sont assur\u00e9s par l\u2019Agence des Villes et Territoires M\u00e9diterran\u00e9ens Durables<br \/>\nPour toute question\u00a0:\u00a0<a href=\"mailto:contact@avitem.org\">contact@avitem.org<\/a>\u00a0ou +33 (0)4 95 09 44 00<\/p>\n<h2>Informations techniques<\/h2>\n<p><strong>Conception graphique et fonctionnelle\u00a0:<\/strong><\/p>\n<p><strong>Drops Studio<br \/>\n<\/strong>33 bd Velten<br \/>\n13004 Marseille<br \/>\n<a href=\"http:\/\/drops.fr\" target=\"_blank\" rel=\"external noopener noreferrer\">www.drops.fr<\/a><\/p>\n<p><strong>H\u00e9bergement\u00a0:<\/strong><\/p>\n<p>1AND1 \/ IONOS<\/p>\n<h2>Droit de reproduction<\/h2>\n<p>A l\u2019exception de l\u2019iconographie, la reproduction des pages de ce site est autoris\u00e9e \u00e0 la condition d\u2019y mentionner la source, de cr\u00e9er un lien vers la ou les pages de r\u00e9f\u00e9rence et d\u2019en informer l\u2019Agence des Villes et Territoires M\u00e9diterran\u00e9ens Durables \u00e0 l\u2019adresse suivante\u00a0:\u00a0<a href=\"mailto:contact@avitem.org\">contact@avitem.org<\/a>. D\u2019une mani\u00e8re g\u00e9n\u00e9rale la mise en place de liens pointant directement sur la page souhait\u00e9e devra \u00eatre privil\u00e9gi\u00e9e, la reproduction de contenus devant \u00eatre limit\u00e9e au strict n\u00e9cessaire. Les informations utilis\u00e9es ne peuvent l\u2019\u00eatre qu\u2019\u00e0 des fins personnelles, associatives ou professionnelles, toute diffusion ou utilisation \u00e0 des fins commerciales ou publicitaires \u00e9tant exclues.<\/p>\n<h2>Cr\u00e9dits photographiques<\/h2>\n<p>donn\u00e9es cartographiques : Google.com<\/p>\n<p>Photographies : Eurom\u00e9diterran\u00e9e, Pexels<\/p>\n<h2>Protection des donn\u00e9es personnelles et confidentialit\u00e9<\/h2>\n<p>Aucune information personnelle n\u2019est collect\u00e9e \u00e0 votre insu. Aucune information personnelle n\u2019est c\u00e9d\u00e9e \u00e0 des tiers. Toutes les informations personnelles collect\u00e9es ne sont destin\u00e9es qu\u2019\u00e0 l\u2019Agence des Villes et Territoires M\u00e9diterran\u00e9ens Durables.<br \/>\nConform\u00e9ment \u00e0 l\u2019article 38 et suivants de la loi 78-17 du 6 janvier 1978 relative \u00e0 l\u2019information, aux fichiers et aux libert\u00e9s, vous disposez d\u2019un droit d\u2019acc\u00e8s et de rectification de vos donn\u00e9es nominatives. Si vous souhaitez exercer ce droit, contactez l\u2019Agence des Villes et Territoires M\u00e9diterran\u00e9ens Durables \u00e0 l\u2019adresse suivante\u00a0:\u00a0<a href=\"mailto:contact@avitem.org\">contact@avitem.org<\/a><\/p>\n<p>Enfin, ce site utilise Google Analytics pour analyser l\u2019audience du site et am\u00e9liorer son contenu. Pour plus d\u2019informations sur les r\u00e8gles de confidentialit\u00e9 relatives \u00e0 l\u2019utilisation de Google Analytics, cliquez ici\u00a0:\u00a0<a href=\"http:\/\/www.google.com\/intl\/fr\/analytics\/privacyoverview.html\" target=\"_blank\" rel=\"external noopener noreferrer\">www.google.com\/intl\/fr\/analytics\/privacyoverview.html<\/a><\/p>\n","protected":false},"excerpt":{"rendered":"<p>Editeur Ce site est \u00e9dit\u00e9 par l\u2019Agence des Villes et Territoires M\u00e9diterran\u00e9ens Durables (AVITEM) Groupement d\u2019Int\u00e9r\u00eat Public 19 rue Vacon\u00a013001 Marseille &#8211; France T\u00e9l\u00a0: +33 (0)4 95 09 44 00 Le suivi \u00e9ditorial et les mises \u00e0 jour du site sont assur\u00e9s par l\u2019Agence des Villes et Territoires M\u00e9diterran\u00e9ens Durables Pour toute question\u00a0:\u00a0contact@avitem.org\u00a0ou +33 (0)4 [&hellip;]<\/p>\n","protected":false},"author":1,"featured_media":0,"parent":0,"menu_order":10,"comment_status":"closed","ping_status":"closed","template":"","meta":[],"translation":{"provider":"WPGlobus","version":"2.8.11","language":"en","enabled_languages":["fr","en"],"languages":{"fr":{"title":true,"content":true,"excerpt":false},"en":{"title":false,"content":true,"excerpt":false}}},"_links":{"self":[{"href":"https:\/\/amenageurs-med.org\/en\/wp-json\/wp\/v2\/pages\/4822"}],"collection":[{"href":"https:\/\/amenageurs-med.org\/en\/wp-json\/wp\/v2\/pages"}],"about":[{"href":"https:\/\/amenageurs-med.org\/en\/wp-json\/wp\/v2\/types\/page"}],"author":[{"embeddable":true,"href":"https:\/\/amenageurs-med.org\/en\/wp-json\/wp\/v2\/users\/1"}],"replies":[{"embeddable":true,"href":"https:\/\/amenageurs-med.org\/en\/wp-json\/wp\/v2\/comments?post=4822"}],"version-history":[{"count":3,"href":"https:\/\/amenageurs-med.org\/en\/wp-json\/wp\/v2\/pages\/4822\/revisions"}],"predecessor-version":[{"id":5097,"href":"https:\/\/amenageurs-med.org\/en\/wp-json\/wp\/v2\/pages\/4822\/revisions\/5097"}],"wp:attachment":[{"href":"https:\/\/amenageurs-med.org\/en\/wp-json\/wp\/v2\/media?parent=4822"}],"curies":[{"name":"wp","href":"https:\/\/api.w.org\/{rel}","templated":true}]}}