{"id":4653,"date":"2019-05-10T17:06:29","date_gmt":"2019-05-10T15:06:29","guid":{"rendered":"http:\/\/twixtop.info\/www\/Avitem\/?page_id=4653"},"modified":"2019-09-23T15:34:46","modified_gmt":"2019-09-23T13:34:46","slug":"zenata-maroc","status":"publish","type":"page","link":"https:\/\/amenageurs-med.org\/en\/ame-projects\/zenata-maroc\/","title":{"rendered":"Zenata"},"content":{"rendered":"<p>[vc_row][vc_column]<div class=\"eut-element eut-align-left eut-fluid-button\"><a href=\"http:\/\/amenageurs-med.org\/en\/ame-projects\/#Zenata-MAROC-en\" class=\"eut-btn eut-btn-medium eut-text-black eut-text-hover-black eut-btn-underline\" style=\"max-width: 250px;\"><span><i class=\"vc-oi vc-oi-to-start\"><\/i>Return to projects<span class=\"eut-btn-bottom-line eut-bg-black\"><\/span><\/span><\/a><\/div>[\/vc_column][\/vc_row][vc_row][vc_column width=&#8221;1\/3&#8243;]<h1 class=\"eut-element eut-title eut-align-left eut-h1\" style=\"margin-bottom: 5px;\"><span>Zenata<\/span><\/h1><h3 class=\"eut-element eut-title eut-align-left eut-h3\" style=\"\"><span>MOROCCO<\/span><\/h3>[\/vc_column][vc_column width=&#8221;1\/4&#8243;][vc_column_text text_style=&#8221;leader-text&#8221;]\u00ab THIS PROJECT AIMS TO REBALANCE THE WEST AND EAST OF CASABLANCA \u00bb[\/vc_column_text][\/vc_column][vc_column width=&#8221;1\/12&#8243;][\/vc_column][vc_column width=&#8221;1\/3&#8243;][vc_column_text]<strong>Mohammed Afakhri<\/strong>,<br \/>\nDirector of Realizations &#8211; Soci\u00e9t\u00e9 d&#8217;Am\u00e9nagement de Zenata, a subsidiary of CDG.[\/vc_column_text][\/vc_column][\/vc_row][vc_row bg_type=&#8221;image&#8221; bg_image=&#8221;4654&#8243; bg_image_type=&#8221;horizontal-parallax-lr&#8221; bg_image_size=&#8221;full&#8221; padding_top_multiplier=&#8221;6x&#8221; padding_bottom_multiplier=&#8221;6x&#8221;][vc_column]<div class=\"eut-empty-space Espace pour Background IMAGE\" style=\"height: 500px;\"><\/div>[\/vc_column][\/vc_row][vc_row][vc_column width=&#8221;5\/12&#8243;][vc_column_text]The eco-city of Zenata also borders the sea. But this time it is the Atlantic. In February 2006, the Moroccan State mandated the Caisse de D\u00e9p\u00f4t et de Gestion (CDG) to develop this 1,830 hectare site, located on the northern outskirts of Casablanca. The eco-city benefits from a 5.35 km seafront, the proximity of a motorway, an airport, a port, a railway line. Initially, Zenata gathered slums and agricultural land.[\/vc_column_text][\/vc_column][vc_column width=&#8221;1\/4&#8243;][vc_column_text]<\/p>\n<blockquote><p>&#8220;Zenata will eventually house 300,000 inhabitants, 100,000 people will work there.&#8221;<\/p><\/blockquote>\n<p>[\/vc_column_text][\/vc_column][vc_column width=&#8221;1\/3&#8243;]<div class=\"eut-element eut-image eut-align-center\" style=\"\">  <div class=\"eut-image-wrapper\"><img width=\"688\" height=\"344\" src=\"https:\/\/amenageurs-med.org\/wp-content\/uploads\/2019\/05\/zenata.jpg\" class=\"attachment-full size-full\" alt=\"\" loading=\"lazy\" srcset=\"https:\/\/amenageurs-med.org\/wp-content\/uploads\/2019\/05\/zenata.jpg 688w, https:\/\/amenageurs-med.org\/wp-content\/uploads\/2019\/05\/zenata-300x150.jpg 300w\" sizes=\"(max-width: 688px) 100vw, 688px\" \/>   <\/div><\/div>[\/vc_column][\/vc_row][vc_row][vc_column width=&#8221;1\/3&#8243;][vc_column_text]<\/p>\n<blockquote><p>&#8220;First, we built houses to relocate 9,000 households in 4,000 lots, about 30 public facilities and green spaces. We want to keep the few industries present on site, which is why we have created a 70 hectare industrial zone, 70% of the lots are already delivered&#8221;.<\/p><\/blockquote>\n<p>[\/vc_column_text][\/vc_column][vc_column width=&#8221;1\/3&#8243;][vc_column_text]The project also includes the construction of a dry port, a logistics area, housing, a shopping centre and two others dedicated to health and education.<\/p>\n<p>&#8220;We take into account the prevailing winds in the layout of the buildings to avoid heat islands,&#8221; says Mohammed Afakhri.<\/p>\n<p>&#8220;Zenata will benefit from a green frame. For travel, we take inspiration from the medinas, integrating tramways and cycle paths. Each living unit will have about 16,000 inhabitants and will have a square surrounded by public services: schools, places of worship&#8230; \u00bb.[\/vc_column_text][\/vc_column][vc_column width=&#8221;1\/3&#8221;][vc_column_text]AFD, the EIB and the European Union are participating in the financing.<\/p>\n<p>Each cluster (logistics, sales, health and education) is managed by an operator partner of the Zenata development company. &#8220;We took the time (9 years) to think about the project as a whole before starting the work,&#8221; says Mohammed Afakhri.<\/p>\n<p>&#8220;An urban project is not a work in progress, but a lot of studies, reflection, consultation, to imagine solutions in terms of transport, sanitation, waste management and rainfall&#8230;. Only then can we arrive at a master plan&#8221;.[\/vc_column_text][\/vc_column][\/vc_row][vc_row][vc_column]<div class=\"eut-element eut-gallery eut-isotope eut-gallery-popup eut-with-gap\" style=\"\" data-columns=\"2\" data-columns-large-screen=\"2\" data-columns-tablet-landscape=\"2\" data-columns-tablet-portrait=\"2\" data-columns-mobile=\"1\" data-layout=\"masonry\" data-gutter-size=\"40\">  <div class=\"eut-isotope-container\"><div class=\"eut-isotope-item eut-hover-item eut-hover-style-none eut-image-square\">  <figure class=\"eut-image-hover\">    <a class=\"eut-item-url\" href=\"https:\/\/amenageurs-med.org\/wp-content\/uploads\/2019\/05\/f2998c_8a91568dece24941ab435bc86dc5bd9c_mv2.png\" ><\/a>    <div class=\"eut-hover-overlay eut-bg-light eut-opacity-10\"><\/div><div class=\"eut-media\"><img width=\"640\" height=\"483\" src=\"https:\/\/amenageurs-med.org\/wp-content\/uploads\/2019\/05\/f2998c_8a91568dece24941ab435bc86dc5bd9c_mv2.png\" class=\"attachment-fildisi-eutf-medium-square size-fildisi-eutf-medium-square\" alt=\"\" loading=\"lazy\" srcset=\"https:\/\/amenageurs-med.org\/wp-content\/uploads\/2019\/05\/f2998c_8a91568dece24941ab435bc86dc5bd9c_mv2.png 640w, https:\/\/amenageurs-med.org\/wp-content\/uploads\/2019\/05\/f2998c_8a91568dece24941ab435bc86dc5bd9c_mv2-300x226.png 300w\" sizes=\"(max-width: 640px) 100vw, 640px\" \/><\/div>  <\/figure><\/div><div class=\"eut-isotope-item eut-hover-item eut-hover-style-none eut-image-landscape\">  <figure class=\"eut-image-hover\">    <a class=\"eut-item-url\" href=\"https:\/\/amenageurs-med.org\/wp-content\/uploads\/2019\/05\/f2998c_88c837a13e3c4569bf7a04d96476941a_mv2.png\" ><\/a>    <div class=\"eut-hover-overlay eut-bg-light eut-opacity-10\"><\/div><div class=\"eut-media\"><img width=\"639\" height=\"480\" src=\"https:\/\/amenageurs-med.org\/wp-content\/uploads\/2019\/05\/f2998c_88c837a13e3c4569bf7a04d96476941a_mv2.png\" class=\"attachment-fildisi-eutf-medium-square size-fildisi-eutf-medium-square\" alt=\"\" loading=\"lazy\" srcset=\"https:\/\/amenageurs-med.org\/wp-content\/uploads\/2019\/05\/f2998c_88c837a13e3c4569bf7a04d96476941a_mv2.png 639w, https:\/\/amenageurs-med.org\/wp-content\/uploads\/2019\/05\/f2998c_88c837a13e3c4569bf7a04d96476941a_mv2-300x225.png 300w\" sizes=\"(max-width: 639px) 100vw, 639px\" \/><\/div>  <\/figure><\/div>  <\/div><\/div>[\/vc_column][\/vc_row][vc_row][vc_column width=&#8221;1\/3&#8243;]<div class=\"eut-element eut-align-left eut-fluid-button\"><a href=\"http:\/\/amenageurs-med.org\/en\/ame-projects\/#Zenata-MAROC-en\" class=\"eut-btn eut-btn-medium eut-text-black eut-text-hover-black eut-btn-underline\" style=\"max-width: 250px;\"><span><i class=\"vc-oi vc-oi-to-start\"><\/i>Return to projects<span class=\"eut-btn-bottom-line eut-bg-black\"><\/span><\/span><\/a><\/div>[\/vc_column][vc_column width=&#8221;1\/3&#8243;][\/vc_column][vc_column width=&#8221;1\/3&#8243;][\/vc_column][\/vc_row]<\/p>\n","protected":false},"excerpt":{"rendered":"<p>[vc_row][vc_column][\/vc_column][\/vc_row][vc_row][vc_column width=&#8221;1\/3&#8243;][\/vc_column][vc_column width=&#8221;1\/4&#8243;][vc_column_text text_style=&#8221;leader-text&#8221;]\u00ab THIS PROJECT AIMS TO REBALANCE THE WEST AND EAST OF CASABLANCA \u00bb[\/vc_column_text][\/vc_column][vc_column width=&#8221;1\/12&#8243;][\/vc_column][vc_column width=&#8221;1\/3&#8243;][vc_column_text]Mohammed Afakhri, Director of Realizations &#8211; Soci\u00e9t\u00e9 d&#8217;Am\u00e9nagement de Zenata, a subsidiary of CDG.[\/vc_column_text][\/vc_column][\/vc_row][vc_row bg_type=&#8221;image&#8221; bg_image=&#8221;4654&#8243; bg_image_type=&#8221;horizontal-parallax-lr&#8221; bg_image_size=&#8221;full&#8221; padding_top_multiplier=&#8221;6x&#8221; padding_bottom_multiplier=&#8221;6x&#8221;][vc_column][\/vc_column][\/vc_row][vc_row][vc_column width=&#8221;5\/12&#8243;][vc_column_text]The eco-city of Zenata also borders the sea. But this time it is the Atlantic. In February 2006, [&hellip;]<\/p>\n","protected":false},"author":1,"featured_media":0,"parent":4292,"menu_order":0,"comment_status":"closed","ping_status":"closed","template":"page-templates\/template-content-only.php","meta":[],"translation":{"provider":"WPGlobus","version":"2.8.11","language":"en","enabled_languages":["fr","en"],"languages":{"fr":{"title":true,"content":true,"excerpt":false},"en":{"title":true,"content":true,"excerpt":false}}},"_links":{"self":[{"href":"https:\/\/amenageurs-med.org\/en\/wp-json\/wp\/v2\/pages\/4653"}],"collection":[{"href":"https:\/\/amenageurs-med.org\/en\/wp-json\/wp\/v2\/pages"}],"about":[{"href":"https:\/\/amenageurs-med.org\/en\/wp-json\/wp\/v2\/types\/page"}],"author":[{"embeddable":true,"href":"https:\/\/amenageurs-med.org\/en\/wp-json\/wp\/v2\/users\/1"}],"replies":[{"embeddable":true,"href":"https:\/\/amenageurs-med.org\/en\/wp-json\/wp\/v2\/comments?post=4653"}],"version-history":[{"count":6,"href":"https:\/\/amenageurs-med.org\/en\/wp-json\/wp\/v2\/pages\/4653\/revisions"}],"predecessor-version":[{"id":5206,"href":"https:\/\/amenageurs-med.org\/en\/wp-json\/wp\/v2\/pages\/4653\/revisions\/5206"}],"up":[{"embeddable":true,"href":"https:\/\/amenageurs-med.org\/en\/wp-json\/wp\/v2\/pages\/4292"}],"wp:attachment":[{"href":"https:\/\/amenageurs-med.org\/en\/wp-json\/wp\/v2\/media?parent=4653"}],"curies":[{"name":"wp","href":"https:\/\/api.w.org\/{rel}","templated":true}]}}