{"id":4542,"date":"2019-05-08T18:33:49","date_gmt":"2019-05-08T16:33:49","guid":{"rendered":"http:\/\/twixtop.info\/www\/Avitem\/?page_id=4542"},"modified":"2019-09-23T15:20:27","modified_gmt":"2019-09-23T13:20:27","slug":"alexandrie-egypte-2","status":"publish","type":"page","link":"https:\/\/amenageurs-med.org\/en\/ame-projects\/alexandrie-egypte-2\/","title":{"rendered":"Alexandria"},"content":{"rendered":"<p>[vc_row][vc_column]<div class=\"eut-element eut-align-left eut-fluid-button\"><a href=\"http:\/\/amenageurs-med.org\/en\/ame-projects\/#Alexandrie-EGYPT-en\" class=\"eut-btn eut-btn-medium eut-text-black eut-text-hover-black eut-btn-underline\" style=\"max-width: 250px;\"><span><i class=\"vc-oi vc-oi-to-start\"><\/i>Return to projects<span class=\"eut-btn-bottom-line eut-bg-black\"><\/span><\/span><\/a><\/div>[\/vc_column][\/vc_row][vc_row][vc_column width=&#8221;1\/3&#8243;]<h1 class=\"eut-element eut-title eut-align-left eut-h1\" style=\"margin-bottom: 5px;\"><span>Alexandria<\/span><\/h1><h3 class=\"eut-element eut-title eut-align-left eut-h3\" style=\"\"><span>EGYPT<\/span><\/h3>[\/vc_column][vc_column width=&#8221;5\/12&#8243;][vc_column_text text_style=&#8221;leader-text&#8221;]\u00abWE TRY TO PRESERVE ANCIENT BUILDINGS THAT MAKE THE CITY\u2019S HERITAGE\u00bb[\/vc_column_text][\/vc_column][vc_column vertical_content_position=&#8221;bottom&#8221; width=&#8221;1\/12&#8243;][\/vc_column][vc_column width=&#8221;1\/6&#8243;][vc_column_text]<strong>Zyiad El Sayed<\/strong>,<br \/>\nEngineering department at University of Alexandria[\/vc_column_text][\/vc_column][\/vc_row][vc_row bg_type=&#8221;image&#8221; bg_image=&#8221;4543&#8243; bg_image_type=&#8221;horizontal-parallax-lr&#8221; bg_image_size=&#8221;full&#8221; padding_top_multiplier=&#8221;6x&#8221; padding_bottom_multiplier=&#8221;6x&#8221;][vc_column]<div class=\"eut-empty-space Espace pour Background IMAGE\" style=\"height: 500px;\"><\/div>[\/vc_column][\/vc_row][vc_row][vc_column width=&#8221;1\/2&#8243;][vc_column_text]Alexandria is one of Egypt\u2019s oldest cities. Created in 332 BC by Alexander the Great, vibrating capital of Egypt and major Mediterranean harbor, Alexandria became a turning point for industry and trade in Egypt\u2019s modern history. During the reign of reformer M\u00e9h\u00e9met Ali (1804-1849), through a modernist dynamic, a wave of European migration introduced western architecture in Egypt. The cosmopolitan, rich and unique architectural mixes of Alexandria turn it into a real heritage of several eras.<br \/>\nToday, this architectural heritage is fading away. Abandoned, damaged, voluntarily deteriorated or destroyed by the owners, the buildings heritage-listed on a national, communal or local level portray nowadays a major cultural issue.<\/p>\n<p>The 144\/2006 legislation allowed for the creation of two committees in charge of identifying all of Alexandria\u2019s buildings which have a \u201cremarkable architectural style\u201d, that are \u201clinked to a national event or a historical figure\u201d, illustrating \u201ca historical period\u201d or finally showcasing \u201can interest in terms of tourism\u201d.<br \/>\nThus, 1135 buildings in downtown Alexandria have been classified as national, municipal or local heritage, and are therefore prohibited from demolition. This measure, taken vertically, was not welcomed by the owners of classified buildings. Today, out of the 1135 buildings listed, more than 1000 are at risk of being downgraded to appeal. Weaknesses in Law 144\/2006 as well as profound divergences between public policies and private owners endanger the city&#8217;s architectural heritage. According to the Save Alex Association, 36 historic buildings have been demolished since 2011, either illegally or after being downgraded, such as the Villa Aghion, built in 1926 by the famous architect Auguste Perret and 80% destroyed before being recovered by the Egyptian Government by expropriation.<\/p>\n<p>Laws regulating the relationship between owners and tenants also accelerate the degradation process of classified buildings. Prohibition of eviction, rent freezes, leases transferable to subsequent generations, deprive private owners of the opportunity to maximize the profits of their real estate. There are cases of voluntary deterioration and destruction of buildings in order to remove tenants, downgrade them, or authorize their demolition for eminent peril. Added to this is a major real estate speculation, an uncontrolled expansion of the city, a lack of political will and a general lack of interest in this modern heritage in favour of a more attractive ancient heritage for tourists.<\/p>\n<p>There is therefore an urgent need to put in place a sustainable built heritage management plan in Alexandria in which private sector owners and their economic interests are taken into account. Indeed, the economic situation following the resignation of President Hosni Mubarak in 2011, sets aside the possibility that the public sector may acquire and preserve these buildings. Thus, it is essential to create levers to ensure that the restoration and conservation of this heritage is as economically viable as the sale of a building plot, and in this way to ease the existing tensions between the need to preserve the architectural heritage and private owners of listed buildings.<\/p>\n<p>Adaptive reuse is the suggested strategy for promoting such buildings.[\/vc_column_text][\/vc_column][vc_column width=&#8221;1\/2&#8243;]<div class=\"eut-element eut-video\" style=\"\"><iframe width=\"1080\" height=\"608\" src=\"https:\/\/www.youtube.com\/embed\/N4-9Qa0FcgQ?feature=oembed\" frameborder=\"0\" allow=\"accelerometer; autoplay; encrypted-media; gyroscope; picture-in-picture\" allowfullscreen><\/iframe><\/div><div class=\"eut-empty-space eut-height-2x\" style=\"\"><\/div><h5 class=\"eut-element eut-title eut-align-left eut-h5\" style=\"\"><span>The project for the protection and rehabilitation of the architectural heritage of downtown Alexandria (presented by Zeyad El Sayad at the 2018 Annual Conference of the Network of Mediterranean Developers on 17 and 18 December in Marseille)<\/span><\/h5>[vc_column_text]The project has two main distinct objectives:<\/p>\n<ul>\n<li>Present the concept of adaptive reuse as a leading example and a successful business model that can be implemented in most classified heritage buildings.<\/li>\n<li>Choose a pilot street to restore building facades, improve urban design and urban landscape elements<\/li>\n<\/ul>\n<p>To achieve these objectives, the project will work on two parallel tracks.<\/p>\n<p>Fouad Street, approximately 1.4 km long, will be chosen to begin restoration work on the building&#8217;s facades and the installation of facade lighting. The street will be studied in depth with the adjacent and surrounding fabric to create a complete urban plan. The selected public buildings will be the subject of pilot studies and will be renovated and reused in an adaptive way to demonstrate the full extent and capacity of reuse.<br \/>\nVarious renovation techniques will be applied, ranging from preserving the facade and demolishing the internal structure and constructing a new building inside, to traditional reuse of the reconfiguration of the space. Old and abandoned industrial buildings and commercial warehouses can be transformed into cultural centres and art spaces, as well as into common workspaces and small profit-making industrial parks.[\/vc_column_text][\/vc_column][\/vc_row][vc_row][vc_column][\/vc_column][vc_column width=&#8221;1\/3&#8243;]<h3 class=\"eut-element eut-title eut-align-left eut-h5\" style=\"\"><span>Bibliography<\/span><\/h3>[vc_column_text]<small>Ahmed Hassan Mustafa (2015). Entretien. Faire Savoir n\u00b012. <a href=\"http:\/\/faire-savoirs.mmsh.univ-aix.fr\/Pdf\/FS-12-2015-181.pdf\">Disponible ici.<\/a><\/small><\/p>\n<p><small>Borg Yomna et Said Lama (2017). Public perception and conservation: the case of Alexandria\u2019s built heritage\u00a0\u00bb. Heritage in action: making the past present.<\/small>[\/vc_column_text][\/vc_column][vc_column width=&#8221;1\/3&#8243;][vc_column_text]<small>Direction G\u00e9n\u00e9rale du Tr\u00e9sor (2018). Les enjeux de la r\u00e9novation des centres villes du Caire et d\u2019Alexandrie. <a href=\"https:\/\/www.tresor.economie.gouv.fr\/Articles\/2018\/03\/28\/les-enjeux-de-la-renovation-des-centres-villes-du-caire-et-d-alexandrie\">Disponible ici.<\/a><\/small><\/p>\n<p><small>Elsorady Dalia A. (2011). Heritage conservation in Alexandria, Egypt : managing tensions between ownership and legislation. International Journal of Heritage Study. <a href=\"https:\/\/www.researchgate.net\/publication\/233430785_Heritage_conservation_in_Alexandria_Egypt_Managing_tensions_between_ownership_and_legislation\">Disponible ici.<\/a><\/small>[\/vc_column_text][\/vc_column][vc_column width=&#8221;1\/3&#8243;][vc_column_text]<small>El Kadi Galila (2009). Les enjeux du patrimoine moderne en \u00c9gypte \u00bb, \u00c9gypte\/Monde arabe. <a href=\"http:\/\/journals.openedition.org\/ema\/2899\">Disponible ici.<\/a><\/small><\/p>\n<p><small>Zar\u00e9e Samar (2015). Alexandrie : l\u2019h\u00e9ritage en d\u00e9su\u00e9tude. Hebdo Al-Ahram.<\/small><\/p>\n<p><small>Zar\u00e9e Samar (2015). Mohamad Awad : Le centre n\u2019a pas de pr\u00e9rogative pour contr\u00f4ler la municipalit\u00e9. Hebdo Al-Ahram.<br \/>\n<\/small>[\/vc_column_text][\/vc_column][\/vc_row][vc_row][vc_column]<div class=\"eut-element eut-align-left eut-fluid-button\"><a href=\"http:\/\/amenageurs-med.org\/en\/ame-projects\/#Alexandrie-EGYPT-en\" class=\"eut-btn eut-btn-medium eut-text-black eut-text-hover-black eut-btn-underline\" style=\"max-width: 250px;\"><span><i class=\"vc-oi vc-oi-to-start\"><\/i>Return to projects<span class=\"eut-btn-bottom-line eut-bg-black\"><\/span><\/span><\/a><\/div>[\/vc_column][\/vc_row]<\/p>\n","protected":false},"excerpt":{"rendered":"<p>[vc_row][vc_column][\/vc_column][\/vc_row][vc_row][vc_column width=&#8221;1\/3&#8243;][\/vc_column][vc_column width=&#8221;5\/12&#8243;][vc_column_text text_style=&#8221;leader-text&#8221;]\u00abWE TRY TO PRESERVE ANCIENT BUILDINGS THAT MAKE THE CITY\u2019S HERITAGE\u00bb[\/vc_column_text][\/vc_column][vc_column vertical_content_position=&#8221;bottom&#8221; width=&#8221;1\/12&#8243;][\/vc_column][vc_column width=&#8221;1\/6&#8243;][vc_column_text]Zyiad El Sayed, Engineering department at University of Alexandria[\/vc_column_text][\/vc_column][\/vc_row][vc_row bg_type=&#8221;image&#8221; bg_image=&#8221;4543&#8243; bg_image_type=&#8221;horizontal-parallax-lr&#8221; bg_image_size=&#8221;full&#8221; padding_top_multiplier=&#8221;6x&#8221; padding_bottom_multiplier=&#8221;6x&#8221;][vc_column][\/vc_column][\/vc_row][vc_row][vc_column width=&#8221;1\/2&#8243;][vc_column_text]Alexandria is one of Egypt\u2019s oldest cities. Created in 332 BC by Alexander the Great, vibrating capital of Egypt and major Mediterranean harbor, Alexandria [&hellip;]<\/p>\n","protected":false},"author":1,"featured_media":0,"parent":4292,"menu_order":0,"comment_status":"closed","ping_status":"closed","template":"page-templates\/template-content-only.php","meta":[],"translation":{"provider":"WPGlobus","version":"2.8.11","language":"en","enabled_languages":["fr","en"],"languages":{"fr":{"title":true,"content":true,"excerpt":false},"en":{"title":true,"content":true,"excerpt":false}}},"_links":{"self":[{"href":"https:\/\/amenageurs-med.org\/en\/wp-json\/wp\/v2\/pages\/4542"}],"collection":[{"href":"https:\/\/amenageurs-med.org\/en\/wp-json\/wp\/v2\/pages"}],"about":[{"href":"https:\/\/amenageurs-med.org\/en\/wp-json\/wp\/v2\/types\/page"}],"author":[{"embeddable":true,"href":"https:\/\/amenageurs-med.org\/en\/wp-json\/wp\/v2\/users\/1"}],"replies":[{"embeddable":true,"href":"https:\/\/amenageurs-med.org\/en\/wp-json\/wp\/v2\/comments?post=4542"}],"version-history":[{"count":26,"href":"https:\/\/amenageurs-med.org\/en\/wp-json\/wp\/v2\/pages\/4542\/revisions"}],"predecessor-version":[{"id":5201,"href":"https:\/\/amenageurs-med.org\/en\/wp-json\/wp\/v2\/pages\/4542\/revisions\/5201"}],"up":[{"embeddable":true,"href":"https:\/\/amenageurs-med.org\/en\/wp-json\/wp\/v2\/pages\/4292"}],"wp:attachment":[{"href":"https:\/\/amenageurs-med.org\/en\/wp-json\/wp\/v2\/media?parent=4542"}],"curies":[{"name":"wp","href":"https:\/\/api.w.org\/{rel}","templated":true}]}}