{"id":4292,"date":"2019-04-17T10:02:06","date_gmt":"2019-04-17T08:02:06","guid":{"rendered":"http:\/\/twixtop.info\/www\/Avitem\/?page_id=4292"},"modified":"2019-10-31T10:09:39","modified_gmt":"2019-10-31T09:09:39","slug":"ame-projects","status":"publish","type":"page","link":"https:\/\/amenageurs-med.org\/en\/ame-projects\/","title":{"rendered":"Projects"},"content":{"rendered":"<p>[vc_row section_full_height=&#8221;fullheight&#8221; bg_type=&#8221;image&#8221; bg_image=&#8221;4370&#8243; bg_image_size=&#8221;full&#8221; bg_position=&#8221;center-top&#8221; scroll_header_style=&#8221;default&#8221; font_color=&#8221;#0a0a0a&#8221; scroll_section_title=&#8221;TIRANA&#8221; section_id=&#8221;Tirana_ALBANIE_en&#8221;][vc_column][vc_row_inner][vc_column_inner width=&#8221;2\/5&#8243; el_class=&#8221;eut-align-center&#8221; css=&#8221;.vc_custom_1558956369708{padding-top: 2% !important;padding-right: 5% !important;padding-bottom: 2% !important;padding-left: 5% !important;background-color: rgba(255,255,255,0.54) !important;*background-color: rgb(255,255,255) !important;border-radius: 5px !important;}&#8221;]<h1 class=\"eut-element eut-title eut-align-inherit eut-h1 eut-increase-heading eut-heading-140\" style=\"margin-bottom: 0px;\"><span>Tirana<\/span><\/h1><h2 class=\"eut-element eut-title eut-align-inherit eut-h2\" style=\"\"><span>ALBANIA<\/span><\/h2>[vc_column_text text_style=&#8221;leader-text&#8221;]\u00ab\u00a0TIRANA WITNESSED A FIVEFOLD INCREASE OF ITS POPULATION IN THE PAST COUPLE YEARS, WITH URBAN PLANNING ACHIEVED IN AN ANARCHIST CLIMATE. WE ARE TRYING TO RESOLVE THIS URBAN CHAOS\u00a0\u00bb[\/vc_column_text]<div class=\"eut-element eut-divider\" style=\"padding-top: 3%;padding-bottom: 3%;\"><span class=\"eut-custom-divider eut-bg-custom eut-align-center\" style=\"width: 150px;height: 1px;background-color: #666666;\"><\/span><\/div>[vc_column_text]<strong>Edian Me\u00e7e<\/strong>, Architect for the Municipality of Tirana.[\/vc_column_text]<div class=\"eut-element eut-divider\" style=\"padding-top: 3%;padding-bottom: 3%;\"><span class=\"eut-custom-divider eut-bg-custom eut-align-center\" style=\"width: 75%;height: 1px;background-color: #666666;\"><\/span><\/div><div class=\"eut-element eut-align-right\"><a href=\"http:\/\/amenageurs-med.org\/en\/ame-projects\/tirana-albanie-2\/\" title=\"Albanie \u2013 Tirana\" class=\"eut-btn eut-btn-medium eut-square eut-bg-black eut-bg-hover-primary-1\"><span><i class=\"fa fa-step-forward\"><\/i>More information<\/span><\/a><\/div>[\/vc_column_inner][vc_column_inner width=&#8221;3\/5&#8243; mobile_width=&#8221;hide&#8221;][\/vc_column_inner][\/vc_row_inner][\/vc_column][\/vc_row][vc_row section_full_height=&#8221;fullheight&#8221; bg_type=&#8221;image&#8221; bg_image=&#8221;4370&#8243; bg_image_size=&#8221;full&#8221; bg_position=&#8221;center-top&#8221; scroll_header_style=&#8221;default&#8221; font_color=&#8221;#0a0a0a&#8221; scroll_section_title=&#8221;TIRANA&#8221; section_id=&#8221;Tirana_ALBANIE_en&#8221;][vc_column][vc_row_inner][vc_column_inner width=&#8221;2\/5&#8243; el_class=&#8221;eut-align-center&#8221; css=&#8221;.vc_custom_1558956369708{padding-top: 2% !important;padding-right: 5% !important;padding-bottom: 2% !important;padding-left: 5% !important;background-color: rgba(255,255,255,0.54) !important;*background-color: rgb(255,255,255) !important;border-radius: 5px !important;}&#8221;]<h1 class=\"eut-element eut-title eut-align-inherit eut-h1 eut-increase-heading eut-heading-140\" style=\"margin-bottom: 0px;\"><span>Tirana<\/span><\/h1><h2 class=\"eut-element eut-title eut-align-inherit eut-h2\" style=\"\"><span>ALBANIA<\/span><\/h2>[vc_column_text text_style=&#8221;leader-text&#8221;]\u00ab\u00a0TIRANA WITNESSED A FIVEFOLD INCREASE OF ITS POPULATION IN THE PAST COUPLE YEARS, WITH URBAN PLANNING ACHIEVED IN AN ANARCHIST CLIMATE. WE ARE TRYING TO RESOLVE THIS URBAN CHAOS\u00a0\u00bb[\/vc_column_text]<div class=\"eut-element eut-divider\" style=\"padding-top: 3%;padding-bottom: 3%;\"><span class=\"eut-custom-divider eut-bg-custom eut-align-center\" style=\"width: 150px;height: 1px;background-color: #666666;\"><\/span><\/div>[vc_column_text]<strong>Edian Me\u00e7e<\/strong>, Architect for the Municipality of Tirana.[\/vc_column_text]<div class=\"eut-element eut-divider\" style=\"padding-top: 3%;padding-bottom: 3%;\"><span class=\"eut-custom-divider eut-bg-custom eut-align-center\" style=\"width: 75%;height: 1px;background-color: #666666;\"><\/span><\/div><div class=\"eut-element eut-align-right\"><a href=\"http:\/\/amenageurs-med.org\/en\/ame-projects\/tirana-albanie-2\/\" title=\"Albanie \u2013 Tirana\" class=\"eut-btn eut-btn-medium eut-square eut-bg-black eut-bg-hover-primary-1\"><span><i class=\"fa fa-step-forward\"><\/i>More information<\/span><\/a><\/div>[\/vc_column_inner][vc_column_inner width=&#8221;3\/5&#8243; mobile_width=&#8221;hide&#8221;][\/vc_column_inner][\/vc_row_inner][\/vc_column][\/vc_row][vc_row section_full_height=&#8221;fullheight&#8221; bg_type=&#8221;image&#8221; bg_image=&#8221;4366&#8243; bg_image_size=&#8221;full&#8221; padding_top_multiplier=&#8221;&#8221; padding_bottom_multiplier=&#8221;&#8221; scroll_header_style=&#8221;default&#8221; section_id=&#8221;Ksar-Tafilelt-ALGERIA-en&#8221; scroll_section_title=&#8221;KSAR TAFILELT&#8221;][vc_column width=&#8221;3\/5&#8243;][\/vc_column][vc_column vertical_content_position=&#8221;middle&#8221; width=&#8221;2\/5&#8243; text_align=&#8221;center&#8221; css=&#8221;.vc_custom_1556286916942{padding-top: 5% !important;padding-right: 5% !important;padding-bottom: 5% !important;padding-left: 5% !important;background-color: rgba(218,180,153,0.73) !important;*background-color: rgb(218,180,153) !important;border-radius: 5px !important;}&#8221; font_color=&#8221;#000000&#8243;]<h1 class=\"eut-element eut-title eut-align-inherit eut-h1 eut-increase-heading eut-heading-140\" style=\"margin-bottom: 0px;\"><span>Ksar Tafilelt<\/span><\/h1><h2 class=\"eut-element eut-title eut-align-inherit eut-h2\" style=\"\"><span>ALGERIA<\/span><\/h2>[vc_column_text text_style=&#8221;leader-text&#8221;]<\/p>\n<p class=\"font_8\">&#8220;THE URBAN PLANNERS WHOSE PROJECTS WILL BE MOST SUCCESSFUL ARE THOSE THAT TAKE INTO ACCOUNT FUTURE GENERATIONS&#8221;<\/p>\n<p>[\/vc_column_text]<div class=\"eut-element eut-divider\" style=\"padding-top: 3%;padding-bottom: 3%;\"><span class=\"eut-custom-divider eut-bg-custom eut-align-center\" style=\"width: 150px;height: 1px;background-color: #666666;\"><\/span><\/div>[vc_column_text]<strong>Dr. Ahmed Nouh<\/strong>,<br \/>\nPresident of the Amidoul Foundation.[\/vc_column_text]<div class=\"eut-element eut-divider\" style=\"padding-top: 3%;padding-bottom: 3%;\"><span class=\"eut-custom-divider eut-bg-custom eut-align-center\" style=\"width: 75%;height: 1px;background-color: #666666;\"><\/span><\/div><div class=\"eut-element eut-align-inherit\"><a href=\"http:\/\/amenageurs-med.org\/en\/ame-projects\/ksar-tafilelt\/\" title=\"Ksar Tafilelt - ALGERIE\" class=\"eut-btn eut-btn-large eut-round eut-bg-black eut-bg-hover-primary-1\"><span>More information<\/span><\/a><\/div>[\/vc_column][\/vc_row][vc_row section_full_height=&#8221;fullheight&#8221; bg_type=&#8221;image&#8221; bg_image=&#8221;4364&#8243; bg_image_size=&#8221;full&#8221; padding_top_multiplier=&#8221;&#8221; padding_bottom_multiplier=&#8221;&#8221; scroll_header_style=&#8221;default&#8221; section_id=&#8221;Alexandrie-EGYPT-en&#8221; scroll_section_title=&#8221;ALEXANDRIE&#8221;][vc_column vertical_content_position=&#8221;middle&#8221; width=&#8221;2\/5&#8243; text_align=&#8221;center&#8221; css=&#8221;.vc_custom_1556287103565{padding-top: 5% !important;padding-right: 5% !important;padding-bottom: 5% !important;padding-left: 5% !important;background-color: rgba(255,255,255,0.73) !important;*background-color: rgb(255,255,255) !important;border-radius: 5px !important;}&#8221; font_color=&#8221;#000000&#8243;]<h1 class=\"eut-element eut-title eut-align-inherit eut-h1 eut-increase-heading eut-heading-140\" style=\"margin-bottom: 0px;\"><span>Alexandria<\/span><\/h1><h2 class=\"eut-element eut-title eut-align-inherit eut-h2\" style=\"\"><span>EGYPT<\/span><\/h2>[vc_column_text text_style=&#8221;leader-text&#8221;]\u00ab WE TRY TO PRESERVE THE OLD BUILDINGS THAT CONSTITUE THE CITY&#8217;S LEGACY \u00bb[\/vc_column_text]<div class=\"eut-element eut-divider\" style=\"padding-top: 3%;padding-bottom: 3%;\"><span class=\"eut-custom-divider eut-bg-custom eut-align-center\" style=\"width: 75%;height: 1px;background-color: #666666;\"><\/span><\/div>[vc_column_text]<strong>Zyiad El Sayed<\/strong>,<br \/>\nof the Engineering Department of Alexandria University[\/vc_column_text]<div class=\"eut-element eut-divider\" style=\"padding-top: 3%;padding-bottom: 3%;\"><span class=\"eut-custom-divider eut-bg-custom eut-align-center\" style=\"width: 75%;height: 1px;background-color: #666666;\"><\/span><\/div><div class=\"eut-element eut-align-right\"><a href=\"http:\/\/amenageurs-med.org\/en\/ame-projects\/alexandrie-egypte-2\/\" title=\"[:fr]Alexandrie[:]\" class=\"eut-btn eut-btn-medium eut-round eut-bg-black eut-bg-hover-white\"><span>More information<\/span><\/a><\/div>[\/vc_column][vc_column width=&#8221;3\/5&#8243; text_align=&#8221;center&#8221; css=&#8221;.vc_custom_1556199973559{padding-top: 5% !important;padding-right: 5% !important;padding-bottom: 5% !important;padding-left: 5% !important;}&#8221;][\/vc_column][\/vc_row][vc_row section_full_height=&#8221;fullheight&#8221; bg_type=&#8221;image&#8221; bg_image=&#8221;4365&#8243; scroll_header_style=&#8221;default&#8221; section_id=&#8221;Barcelona-SPAIN-en&#8221; scroll_section_title=&#8221;BARCELONE&#8221;][vc_column width=&#8221;3\/5&#8243; heading_color=&#8221;light&#8221; text_align=&#8221;center&#8221; css=&#8221;.vc_custom_1557395432119{padding-top: 0px !important;padding-right: 0px !important;padding-bottom: 0px !important;padding-left: 0px !important;}&#8221; font_color=&#8221;#ffffff&#8221;][\/vc_column][vc_column width=&#8221;2\/5&#8243; heading_color=&#8221;light&#8221; text_align=&#8221;center&#8221; css=&#8221;.vc_custom_1557409845904{padding-top: 5% !important;padding-right: 5% !important;padding-bottom: 5% !important;padding-left: 5% !important;background-color: rgba(221,51,51,0.74) !important;*background-color: rgb(221,51,51) !important;border-radius: 5px !important;}&#8221; font_color=&#8221;#ffffff&#8221;]<h1 class=\"eut-element eut-title eut-align-inherit eut-h1 eut-increase-heading eut-heading-140\" style=\"margin-bottom: 0px;\"><span>Barcelona<\/span><\/h1><h2 class=\"eut-element eut-title eut-align-inherit eut-h2\" style=\"\"><span>ESPAGNE<\/span><\/h2>[vc_column_text text_style=&#8221;leader-text&#8221;]&#8221;THE REHABILITATION OF OLD DOCKS HAS MADE IT POSSIBLE TO RECLAIM ABANDONED AREAS&#8221;[\/vc_column_text]<div class=\"eut-element eut-divider\" style=\"padding-top: 3%;padding-bottom: 3%;\"><span class=\"eut-custom-divider eut-bg-custom eut-align-center\" style=\"width: 35%;height: 1px;background-color: #ffffff;\"><\/span><\/div>[vc_column_text]<strong>Marc Darder Sol\u00e9<\/strong>,<br \/>\nArchitect and Head of the Urban Service at the Regional Government of Catalonia.[\/vc_column_text]<div class=\"eut-element eut-divider\" style=\"padding-top: 3%;padding-bottom: 3%;\"><span class=\"eut-custom-divider eut-bg-custom eut-align-center\" style=\"width: 75%;height: 1px;background-color: #ffffff;\"><\/span><\/div><div class=\"eut-element eut-align-right\"><a href=\"http:\/\/amenageurs-med.org\/en\/ame-projects\/barcelona-spain\/\" title=\"[:fr]Barcelone[:]\" class=\"eut-btn eut-btn-medium eut-round eut-bg-black eut-bg-hover-white\"><span>More information<\/span><\/a><\/div>[\/vc_column][\/vc_row][vc_row section_full_height=&#8221;fullheight&#8221; bg_type=&#8221;image&#8221; bg_image=&#8221;4367&#8243; bg_image_size=&#8221;full&#8221; scroll_header_style=&#8221;default&#8221; section_id=&#8221;Marseille-FRANCE-en&#8221; font_color=&#8221;#ffffff&#8221; scroll_section_title=&#8221;MARSEILLE&#8221;][vc_column width=&#8221;2\/5&#8243; heading_color=&#8221;light&#8221; text_align=&#8221;center&#8221; css=&#8221;.vc_custom_1557409839680{padding-top: 5% !important;padding-right: 5% !important;padding-bottom: 5% !important;padding-left: 5% !important;background-color: rgba(16,160,204,0.74) !important;*background-color: rgb(16,160,204) !important;border-radius: 5px !important;}&#8221; font_color=&#8221;#ffffff&#8221;]<h1 class=\"eut-element eut-title eut-align-inherit eut-h1 eut-increase-heading eut-heading-140\" style=\"margin-bottom: 0px;\"><span>Marseille<\/span><\/h1><h2 class=\"eut-element eut-title eut-align-inherit eut-h2\" style=\"\"><span>FRANCE<\/span><\/h2>[vc_column_text text_style=&#8221;leader-text&#8221;]&#8221;EUROM\u00c9DITERRAN\u00c9E HAS INCLUDED SUSTAINABLE DEVELOPMENT IN ITS STRATEGY. [&#8230;] WE HAVE GIVEN A LOT OF THOUGHT TO THE ISSUE OF ENERGY.&#8221;[\/vc_column_text]<div class=\"eut-element eut-divider\" style=\"padding-top: 3%;padding-bottom: 3%;\"><span class=\"eut-custom-divider eut-bg-custom eut-align-center\" style=\"width: 35%;height: 1px;background-color: #ffffff;\"><\/span><\/div>[vc_column_text]<strong>Jean-Christophe Daragon<\/strong>,<br \/>\nSustainable Development Project Manager at Eurom\u00e9diterran\u00e9e.[\/vc_column_text]<div class=\"eut-element eut-divider\" style=\"padding-top: 3%;padding-bottom: 3%;\"><span class=\"eut-custom-divider eut-bg-custom eut-align-center\" style=\"width: 75%;height: 1px;background-color: #ffffff;\"><\/span><\/div><div class=\"eut-element eut-align-right\"><a href=\"http:\/\/amenageurs-med.org\/en\/ame-projects\/marseille-france\/\" title=\"[:fr]Marseille[:]\" class=\"eut-btn eut-btn-medium eut-round eut-bg-black eut-bg-hover-white\"><span>More informations<\/span><\/a><\/div>[\/vc_column][vc_column width=&#8221;3\/5&#8243; text_align=&#8221;center&#8221; font_color=&#8221;#ffffff&#8221;][\/vc_column][\/vc_row][vc_row section_full_height=&#8221;fullheight&#8221; bg_type=&#8221;image&#8221; bg_image=&#8221;4368&#8243; bg_image_size=&#8221;full&#8221; scroll_header_style=&#8221;default&#8221; section_id=&#8221;Nice-FRANCE-en&#8221; scroll_section_title=&#8221;NICE ECO-VALLEE&#8221;][vc_column width=&#8221;3\/5&#8243;][\/vc_column][vc_column width=&#8221;2\/5&#8243; heading_color=&#8221;dark&#8221; text_align=&#8221;center&#8221; css=&#8221;.vc_custom_1557412289655{padding-top: 5% !important;padding-right: 5% !important;padding-bottom: 5% !important;padding-left: 5% !important;background-color: rgba(237,237,78,0.68) !important;*background-color: rgb(237,237,78) !important;border-radius: 5px !important;}&#8221; font_color=&#8221;#000000&#8243;]<h1 class=\"eut-element eut-title eut-align-inherit eut-h1 eut-increase-heading eut-heading-140\" style=\"margin-bottom: 0px;\"><span>Nice \u00e9covall\u00e9e<\/span><\/h1><h2 class=\"eut-element eut-title eut-align-inherit eut-h2\" style=\"\"><span>FRANCE<\/span><\/h2>[vc_column_text text_style=&#8221;leader-text&#8221;]&#8221;AFTER YEARS OF ANARCHIC DEVELOPMENT, THE NICE ECOVALL\u00c9E OPERATION MUST RESTORE COHERENCE TO THIS STRATEGIC AND SENSITIVE TERRITORY.&#8221;[\/vc_column_text]<div class=\"eut-element eut-divider\" style=\"padding-top: 3%;padding-bottom: 3%;\"><span class=\"eut-custom-divider eut-bg-custom eut-align-center\" style=\"width: 35%;height: 1px;background-color: #ffffff;\"><\/span><\/div>[vc_column_text]<strong>Maelle Combe<\/strong>,<br \/>\nProject Manager Territories and Partnerships in Nice Ecovall\u00e9e.[\/vc_column_text]<div class=\"eut-element eut-divider\" style=\"padding-top: 3%;padding-bottom: 3%;\"><span class=\"eut-custom-divider eut-bg-custom eut-align-center\" style=\"width: 75%;height: 1px;background-color: #ffffff;\"><\/span><\/div><div class=\"eut-element eut-align-right\"><a href=\"http:\/\/amenageurs-med.org\/en\/ame-projects\/nice-ecovallee-france\/\" title=\"Nice \u00e9covall\u00e9e\" class=\"eut-btn eut-btn-medium eut-round eut-bg-black eut-bg-hover-white\"><span>More information<\/span><\/a><\/div>[\/vc_column][\/vc_row][vc_row section_full_height=&#8221;fullheight&#8221; bg_type=&#8221;image&#8221; bg_image=&#8221;4373&#8243; bg_image_size=&#8221;full&#8221; scroll_header_style=&#8221;default&#8221; section_id=&#8221;Tetouan-MAROC-en&#8221; scroll_section_title=&#8221;TETOUAN&#8221;][vc_column width=&#8221;2\/5&#8243; heading_color=&#8221;dark&#8221; text_align=&#8221;center&#8221; css=&#8221;.vc_custom_1557499599729{padding-top: 5% !important;padding-right: 5% !important;padding-bottom: 5% !important;padding-left: 5% !important;background-color: rgba(255,255,255,0.56) !important;*background-color: rgb(255,255,255) !important;border-radius: 5px !important;}&#8221; font_color=&#8221;#000000&#8243;]<h1 class=\"eut-element eut-title eut-align-inherit eut-h1 eut-increase-heading eut-heading-140\" style=\"margin-bottom: 0px;\"><span>Tetouan<\/span><\/h1><h2 class=\"eut-element eut-title eut-align-inherit eut-h2\" style=\"\"><span>MOROCCO<\/span><\/h2>[vc_column_text text_style=&#8221;leader-text&#8221;]The Tetouan Urban Agency operates in the provinces of Tetouan and Chefchaouen as well as in the Prefecture of Mdiq-Fnideq.[\/vc_column_text]<div class=\"eut-element eut-divider\" style=\"padding-top: 3%;padding-bottom: 3%;\"><span class=\"eut-custom-divider eut-bg-custom eut-align-center\" style=\"width: 35%;height: 1px;background-color: #ffffff;\"><\/span><\/div>[vc_column_text]<b>Agence Urbaine de Tetouan<\/b>[\/vc_column_text]<div class=\"eut-element eut-divider\" style=\"padding-top: 3%;padding-bottom: 3%;\"><span class=\"eut-custom-divider eut-bg-custom eut-align-center\" style=\"width: 75%;height: 1px;background-color: #ffffff;\"><\/span><\/div><div class=\"eut-element eut-align-right\"><a href=\"http:\/\/amenageurs-med.org\/en\/ame-projects\/tetouan-maroc-2\/\" title=\"T\u00e9touan - MAROC\" class=\"eut-btn eut-btn-medium eut-round eut-bg-black eut-bg-hover-white\"><span>More information<\/span><\/a><\/div>[\/vc_column][vc_column width=&#8221;3\/5&#8243;][\/vc_column][\/vc_row][vc_row section_full_height=&#8221;fullheight&#8221; bg_type=&#8221;image&#8221; bg_image=&#8221;4371&#8243; bg_image_size=&#8221;full&#8221; scroll_header_style=&#8221;default&#8221; section_id=&#8221;Zenata-MAROC-en&#8221; scroll_section_title=&#8221;ZENATA&#8221;][vc_column width=&#8221;1\/5&#8243;][\/vc_column][vc_column width=&#8221;2\/5&#8243; heading_color=&#8221;dark&#8221; text_align=&#8221;center&#8221; css=&#8221;.vc_custom_1557500892881{padding-top: 5% !important;padding-right: 5% !important;padding-bottom: 5% !important;padding-left: 5% !important;background-color: rgba(67,219,143,0.66) !important;*background-color: rgb(67,219,143) !important;border-radius: 5px !important;}&#8221; font_color=&#8221;#000000&#8243;]<h1 class=\"eut-element eut-title eut-align-inherit eut-h1 eut-increase-heading eut-heading-140\" style=\"margin-bottom: 0px;\"><span>Zenata<\/span><\/h1><h2 class=\"eut-element eut-title eut-align-inherit eut-h2\" style=\"\"><span>MOROCCO<\/span><\/h2>[vc_column_text text_style=&#8221;leader-text&#8221;]&#8221;THIS PROJECT AIMS TO REBALANCE THE WEST AND EAST OF CASABLANCA&#8221;[\/vc_column_text]<div class=\"eut-element eut-divider\" style=\"padding-top: 3%;padding-bottom: 3%;\"><span class=\"eut-custom-divider eut-bg-custom eut-align-center\" style=\"width: 35%;height: 1px;background-color: #ffffff;\"><\/span><\/div>[vc_column_text]<strong> Mohammed Afakhri<\/strong>,<br \/>\nDirector of Realizations &#8211; Soci\u00e9t\u00e9 d&#8217;Am\u00e9nagement de Zenata, a subsidiary of CDG.[\/vc_column_text]<div class=\"eut-element eut-divider\" style=\"padding-top: 3%;padding-bottom: 3%;\"><span class=\"eut-custom-divider eut-bg-custom eut-align-center\" style=\"width: 75%;height: 1px;background-color: #ffffff;\"><\/span><\/div><div class=\"eut-element eut-align-right\"><a href=\"http:\/\/amenageurs-med.org\/en\/ame-projects\/zenata-maroc\/\" title=\"[:fr]Zenata[:]\" class=\"eut-btn eut-btn-medium eut-round eut-bg-black eut-bg-hover-white\"><span>More information<\/span><\/a><\/div>[\/vc_column][vc_column width=&#8221;2\/5&#8243;][\/vc_column][\/vc_row]<\/p>\n","protected":false},"excerpt":{"rendered":"<p>[vc_row section_full_height=&#8221;fullheight&#8221; bg_type=&#8221;image&#8221; bg_image=&#8221;4370&#8243; bg_image_size=&#8221;full&#8221; bg_position=&#8221;center-top&#8221; scroll_header_style=&#8221;default&#8221; font_color=&#8221;#0a0a0a&#8221; scroll_section_title=&#8221;TIRANA&#8221; section_id=&#8221;Tirana_ALBANIE_en&#8221;][vc_column][vc_row_inner][vc_column_inner width=&#8221;2\/5&#8243; el_class=&#8221;eut-align-center&#8221; css=&#8221;.vc_custom_1558956369708{padding-top: 2% !important;padding-right: 5% !important;padding-bottom: 2% !important;padding-left: 5% !important;background-color: rgba(255,255,255,0.54) !important;*background-color: rgb(255,255,255) !important;border-radius: 5px !important;}&#8221;][vc_column_text text_style=&#8221;leader-text&#8221;]\u00ab\u00a0TIRANA WITNESSED A FIVEFOLD INCREASE OF ITS POPULATION IN THE PAST COUPLE YEARS, WITH URBAN PLANNING ACHIEVED IN AN ANARCHIST CLIMATE. WE ARE TRYING TO RESOLVE THIS URBAN [&hellip;]<\/p>\n","protected":false},"author":1,"featured_media":0,"parent":0,"menu_order":5,"comment_status":"closed","ping_status":"closed","template":"page-templates\/template-full-page.php","meta":[],"translation":{"provider":"WPGlobus","version":"2.8.11","language":"en","enabled_languages":["fr","en"],"languages":{"fr":{"title":true,"content":true,"excerpt":false},"en":{"title":true,"content":true,"excerpt":false}}},"_links":{"self":[{"href":"https:\/\/amenageurs-med.org\/en\/wp-json\/wp\/v2\/pages\/4292"}],"collection":[{"href":"https:\/\/amenageurs-med.org\/en\/wp-json\/wp\/v2\/pages"}],"about":[{"href":"https:\/\/amenageurs-med.org\/en\/wp-json\/wp\/v2\/types\/page"}],"author":[{"embeddable":true,"href":"https:\/\/amenageurs-med.org\/en\/wp-json\/wp\/v2\/users\/1"}],"replies":[{"embeddable":true,"href":"https:\/\/amenageurs-med.org\/en\/wp-json\/wp\/v2\/comments?post=4292"}],"version-history":[{"count":42,"href":"https:\/\/amenageurs-med.org\/en\/wp-json\/wp\/v2\/pages\/4292\/revisions"}],"predecessor-version":[{"id":5340,"href":"https:\/\/amenageurs-med.org\/en\/wp-json\/wp\/v2\/pages\/4292\/revisions\/5340"}],"wp:attachment":[{"href":"https:\/\/amenageurs-med.org\/en\/wp-json\/wp\/v2\/media?parent=4292"}],"curies":[{"name":"wp","href":"https:\/\/api.w.org\/{rel}","templated":true}]}}